{"id":2,"date":"2013-01-25T19:00:38","date_gmt":"2013-01-25T18:00:38","guid":{"rendered":"http:\/\/www.honojudoklubb.se\/?page_id=2"},"modified":"2024-08-26T23:35:53","modified_gmt":"2024-08-26T22:35:53","slug":"ny-medlem","status":"publish","type":"page","link":"https:\/\/www.honojudoklubb.se\/?page_id=2","title":{"rendered":"Information till nya medlemmar"},"content":{"rendered":"<p>Nyb\u00f6rjare, fr\u00e5n 7 \u00e5r (eller fyller 7 under h\u00f6sten), tr\u00e4nar m\u00e5ndagar 18-19:10. Eftersom detta \u00e4r den grupp som tr\u00e4nar f\u00f6rst hj\u00e4lps vi \u00e5t att l\u00e4gga ut mattan direkt vid 18:00. N\u00e4r mattan \u00e4r ute b\u00f6rjar tr\u00e4ningen.<\/p>\n<p>Om du som vuxen (dvs \u00f6ver 15 \u00e5r) \u00e4r sugen p\u00e5 att testa judo \u00e4r du v\u00e4lkommen m\u00e5ndagar kl 20:15.<br \/>Vuxengruppen tr\u00e4nar \u00e4ven onsdagar 18:00-19:30<\/p>\n<p><strong>Kl\u00e4der som g\u00e4ller<\/strong> p\u00e5 nyb\u00f6rjartr\u00e4ningen \u00e4r l\u00e5ng\u00e4rmad tr\u00f6ja och l\u00e5nga byxor f\u00f6r att undvika att man br\u00e4nner sig p\u00e5 mattan samt att det skall finnas n\u00e5got att h\u00e5lla i. F\u00f6r att kunna tr\u00e4na fullt ur beh\u00f6ver man dock judodr\u00e4kt. Klubben s\u00e4ljer dr\u00e4kter och ni finner dem i v\u00e5r <a href=\"https:\/\/www.honojudoklubb.se\/?page_id=583\">klubbshopp<\/a>. <br \/>Du f\u00e5r prova p\u00e5 tv\u00e5 g\u00e5nger innan du best\u00e4mmer dig och vi vill efter dessa tv\u00e5 veckor att du skaffar en judodr\u00e4kt. Man betalar d\u00e5 in <a title=\"Priser\" href=\"https:\/\/www.honojudoklubb.se\/?page_id=80\">medlems- och tr\u00e4ningsavgift<\/a>.<\/p>\n<p>Fr\u00e5gor? Maila info@honojudoklubb.se<\/p>\n<p>V\u00e4lkommen till oss f\u00f6r att b\u00f6rja tr\u00e4na!<\/p>\n\n\n<p><\/p>\n","protected":false},"excerpt":{"rendered":"<p>Nyb\u00f6rjare, fr\u00e5n 7 \u00e5r (eller fyller 7 under h\u00f6sten), tr\u00e4nar m\u00e5ndagar 18-19:10. Eftersom detta \u00e4r den grupp som tr\u00e4nar f\u00f6rst hj\u00e4lps vi \u00e5t att l\u00e4gga ut mattan direkt vid 18:00. N\u00e4r mattan \u00e4r ute b\u00f6rjar tr\u00e4ningen. Om du som vuxen &hellip; <a href=\"https:\/\/www.honojudoklubb.se\/?page_id=2\">L\u00e4s mer <span class=\"meta-nav\">&rarr;<\/span><\/a><\/p>\n","protected":false},"author":1,"featured_media":0,"parent":0,"menu_order":0,"comment_status":"closed","ping_status":"closed","template":"","meta":{"footnotes":""},"class_list":["post-2","page","type-page","status-publish","hentry"],"jetpack_sharing_enabled":true,"_links":{"self":[{"href":"https:\/\/www.honojudoklubb.se\/index.php?rest_route=\/wp\/v2\/pages\/2","targetHints":{"allow":["GET"]}}],"collection":[{"href":"https:\/\/www.honojudoklubb.se\/index.php?rest_route=\/wp\/v2\/pages"}],"about":[{"href":"https:\/\/www.honojudoklubb.se\/index.php?rest_route=\/wp\/v2\/types\/page"}],"author":[{"embeddable":true,"href":"https:\/\/www.honojudoklubb.se\/index.php?rest_route=\/wp\/v2\/users\/1"}],"replies":[{"embeddable":true,"href":"https:\/\/www.honojudoklubb.se\/index.php?rest_route=%2Fwp%2Fv2%2Fcomments&post=2"}],"version-history":[{"count":6,"href":"https:\/\/www.honojudoklubb.se\/index.php?rest_route=\/wp\/v2\/pages\/2\/revisions"}],"predecessor-version":[{"id":2198,"href":"https:\/\/www.honojudoklubb.se\/index.php?rest_route=\/wp\/v2\/pages\/2\/revisions\/2198"}],"wp:attachment":[{"href":"https:\/\/www.honojudoklubb.se\/index.php?rest_route=%2Fwp%2Fv2%2Fmedia&parent=2"}],"curies":[{"name":"wp","href":"https:\/\/api.w.org\/{rel}","templated":true}]}}