{"id":2294,"date":"2026-04-16T23:46:23","date_gmt":"2026-04-16T22:46:23","guid":{"rendered":"https:\/\/www.honojudoklubb.se\/?page_id=2294"},"modified":"2026-04-16T23:46:23","modified_gmt":"2026-04-16T22:46:23","slug":"sponsorer","status":"publish","type":"page","link":"https:\/\/www.honojudoklubb.se\/?page_id=2294","title":{"rendered":"Sponsorer"},"content":{"rendered":"\n<p>Stort tack till<strong> Takv\u00e5rd i V\u00e4st <\/strong>f\u00f6r ert gener\u00f6sa bidrag till v\u00e5r verksamhet. Kommer verkligen komma v\u00e5ra medlemmar till nytta.<\/p>\n\n\n\n<figure class=\"wp-block-image size-full\"><a href=\"https:\/\/www.takvardivast.se\/\"><img loading=\"lazy\" decoding=\"async\" width=\"1024\" height=\"687\" src=\"https:\/\/www.honojudoklubb.se\/wp-content\/uploads\/2026\/04\/8632f822-de09-44a0-b325-7b96ba6c7a93.jpg\" alt=\"\" class=\"wp-image-2295\" srcset=\"https:\/\/www.honojudoklubb.se\/wp-content\/uploads\/2026\/04\/8632f822-de09-44a0-b325-7b96ba6c7a93.jpg 1024w, https:\/\/www.honojudoklubb.se\/wp-content\/uploads\/2026\/04\/8632f822-de09-44a0-b325-7b96ba6c7a93-300x201.jpg 300w, https:\/\/www.honojudoklubb.se\/wp-content\/uploads\/2026\/04\/8632f822-de09-44a0-b325-7b96ba6c7a93-768x515.jpg 768w\" sizes=\"auto, (max-width: 1024px) 100vw, 1024px\" \/><\/a><\/figure>\n","protected":false},"excerpt":{"rendered":"<p>Stort tack till Takv\u00e5rd i V\u00e4st f\u00f6r ert gener\u00f6sa bidrag till v\u00e5r verksamhet. Kommer verkligen komma v\u00e5ra medlemmar till nytta.<\/p>\n","protected":false},"author":1,"featured_media":0,"parent":0,"menu_order":0,"comment_status":"closed","ping_status":"closed","template":"","meta":{"footnotes":""},"class_list":["post-2294","page","type-page","status-publish","hentry"],"jetpack_sharing_enabled":true,"_links":{"self":[{"href":"https:\/\/www.honojudoklubb.se\/index.php?rest_route=\/wp\/v2\/pages\/2294","targetHints":{"allow":["GET"]}}],"collection":[{"href":"https:\/\/www.honojudoklubb.se\/index.php?rest_route=\/wp\/v2\/pages"}],"about":[{"href":"https:\/\/www.honojudoklubb.se\/index.php?rest_route=\/wp\/v2\/types\/page"}],"author":[{"embeddable":true,"href":"https:\/\/www.honojudoklubb.se\/index.php?rest_route=\/wp\/v2\/users\/1"}],"replies":[{"embeddable":true,"href":"https:\/\/www.honojudoklubb.se\/index.php?rest_route=%2Fwp%2Fv2%2Fcomments&post=2294"}],"version-history":[{"count":1,"href":"https:\/\/www.honojudoklubb.se\/index.php?rest_route=\/wp\/v2\/pages\/2294\/revisions"}],"predecessor-version":[{"id":2296,"href":"https:\/\/www.honojudoklubb.se\/index.php?rest_route=\/wp\/v2\/pages\/2294\/revisions\/2296"}],"wp:attachment":[{"href":"https:\/\/www.honojudoklubb.se\/index.php?rest_route=%2Fwp%2Fv2%2Fmedia&parent=2294"}],"curies":[{"name":"wp","href":"https:\/\/api.w.org\/{rel}","templated":true}]}}