{"id":563,"date":"2015-03-10T20:14:14","date_gmt":"2015-03-10T19:14:14","guid":{"rendered":"http:\/\/www.honojudoklubb.se\/?page_id=563"},"modified":"2016-11-03T22:59:48","modified_gmt":"2016-11-03T21:59:48","slug":"traningstider","status":"publish","type":"page","link":"https:\/\/www.honojudoklubb.se\/?page_id=563","title":{"rendered":"Tr\u00e4ningstider"},"content":{"rendered":"<p>Nyb\u00f6rjargrupp fr\u00e5n 7 \u00e5r<br \/>\nM\u00e5ndagar 18:00-19:10<\/p>\n<p>Forts\u00e4ttningsgrupp<br \/>\nM\u00e5ndagar 19:10-20:10<\/p>\n<p>Ungdomar och vuxna<br \/>\nM\u00e5ndagar 20:10-21:30<\/p>\n<p>Ungdomar och vuxna<br \/>\nOnsdagar 18:00-20:00<\/p>\n<p>Vi tr\u00e4nar i Brattebergs gymnastiksal<\/p>\n<p>&nbsp;<\/p>\n","protected":false},"excerpt":{"rendered":"<p>Nyb\u00f6rjargrupp fr\u00e5n 7 \u00e5r M\u00e5ndagar 18:00-19:10 Forts\u00e4ttningsgrupp M\u00e5ndagar 19:10-20:10 Ungdomar och vuxna M\u00e5ndagar 20:10-21:30 Ungdomar och vuxna Onsdagar 18:00-20:00 Vi tr\u00e4nar i Brattebergs gymnastiksal &nbsp;<\/p>\n","protected":false},"author":1,"featured_media":0,"parent":0,"menu_order":0,"comment_status":"closed","ping_status":"closed","template":"","meta":{"footnotes":""},"class_list":["post-563","page","type-page","status-publish","hentry"],"jetpack_sharing_enabled":false,"_links":{"self":[{"href":"https:\/\/www.honojudoklubb.se\/index.php?rest_route=\/wp\/v2\/pages\/563","targetHints":{"allow":["GET"]}}],"collection":[{"href":"https:\/\/www.honojudoklubb.se\/index.php?rest_route=\/wp\/v2\/pages"}],"about":[{"href":"https:\/\/www.honojudoklubb.se\/index.php?rest_route=\/wp\/v2\/types\/page"}],"author":[{"embeddable":true,"href":"https:\/\/www.honojudoklubb.se\/index.php?rest_route=\/wp\/v2\/users\/1"}],"replies":[{"embeddable":true,"href":"https:\/\/www.honojudoklubb.se\/index.php?rest_route=%2Fwp%2Fv2%2Fcomments&post=563"}],"version-history":[{"count":0,"href":"https:\/\/www.honojudoklubb.se\/index.php?rest_route=\/wp\/v2\/pages\/563\/revisions"}],"wp:attachment":[{"href":"https:\/\/www.honojudoklubb.se\/index.php?rest_route=%2Fwp%2Fv2%2Fmedia&parent=563"}],"curies":[{"name":"wp","href":"https:\/\/api.w.org\/{rel}","templated":true}]}}