{"id":64,"date":"2013-05-04T18:46:07","date_gmt":"2013-05-04T17:46:07","guid":{"rendered":"http:\/\/www.honojudoklubb.se\/?page_id=64"},"modified":"2025-03-26T23:38:52","modified_gmt":"2025-03-26T22:38:52","slug":"styrelsen-2013","status":"publish","type":"page","link":"https:\/\/www.honojudoklubb.se\/?page_id=64","title":{"rendered":"Styrelsen 2025"},"content":{"rendered":"\n<figure class=\"wp-block-table\"><table class=\"has-fixed-layout\"><tbody><tr><td><span style=\"font-size: 12px;\">Ordf\u00f6rande<\/span><\/td><td><span style=\"font-size: 12px;\">Marcus \u00c5rman<\/span><\/td><\/tr><tr><td><span style=\"font-size: 12px;\">Sekreterare<\/span><\/td><td><span style=\"font-size: 12px;\">Kristina \u00c5rman<\/span><\/td><\/tr><tr><td><span style=\"font-size: 12px;\">Kass\u00f6r<\/span><\/td><td><span style=\"font-size: 12px;\">Sten Olofson<\/span><\/td><\/tr><tr><td><span style=\"font-size: 12px;\">Ledamot<\/span><\/td><td><span style=\"font-size: 12px;\">Nicklas \u00d6lnes<br><\/span><\/td><\/tr><tr><td><span style=\"font-size: 12px;\">Ledamot<\/span><\/td><td><span style=\"font-size: 12px;\">Jonathan Green<br><\/span><\/td><\/tr><tr><td><span style=\"font-size: 12px;\">Ledamot<\/span><\/td><td><span style=\"font-size: 12px;\">Jonatan Svensson<br><\/span><\/td><\/tr><tr><td><span style=\"font-size: 12px;\">Ungdomsrepresentanter<\/span><\/td><td><span style=\"font-size: 12px;\">Hj\u00f6rdis Ringn\u00e9r<br>Sara Arnesson<br>Tindra Uhlin Sigfridsson<br>Max Eklund<br>Nene Norstr\u00f6m<\/span><\/td><\/tr><tr><td>&nbsp;<\/td><td>&nbsp;<\/td><\/tr><tr><td><span style=\"font-size: 12px;\">Revisor<\/span><\/td><td>&nbsp;<span style=\"font-size: 12px;\">Daniel B\u00e4ck<\/span><\/td><\/tr><tr><td><span style=\"font-size: 12px;\">Valberedning<\/span><\/td><td><span style=\"font-size: 12px;\">Pontus Jansson<\/span><br><span style=\"font-size: 12px;\">Magnus Knutsson<br><\/span><\/td><\/tr><\/tbody><\/table><\/figure>\n","protected":false},"excerpt":{"rendered":"<p>Ordf\u00f6rande Marcus \u00c5rman Sekreterare Kristina \u00c5rman Kass\u00f6r Sten Olofson Ledamot Nicklas \u00d6lnes Ledamot Jonathan Green Ledamot Jonatan Svensson Ungdomsrepresentanter Hj\u00f6rdis Ringn\u00e9rSara ArnessonTindra Uhlin SigfridssonMax EklundNene Norstr\u00f6m &nbsp; &nbsp; Revisor &nbsp;Daniel B\u00e4ck Valberedning Pontus JanssonMagnus Knutsson<\/p>\n","protected":false},"author":1,"featured_media":0,"parent":0,"menu_order":0,"comment_status":"closed","ping_status":"closed","template":"","meta":{"footnotes":""},"class_list":["post-64","page","type-page","status-publish","hentry"],"jetpack_sharing_enabled":true,"_links":{"self":[{"href":"https:\/\/www.honojudoklubb.se\/index.php?rest_route=\/wp\/v2\/pages\/64","targetHints":{"allow":["GET"]}}],"collection":[{"href":"https:\/\/www.honojudoklubb.se\/index.php?rest_route=\/wp\/v2\/pages"}],"about":[{"href":"https:\/\/www.honojudoklubb.se\/index.php?rest_route=\/wp\/v2\/types\/page"}],"author":[{"embeddable":true,"href":"https:\/\/www.honojudoklubb.se\/index.php?rest_route=\/wp\/v2\/users\/1"}],"replies":[{"embeddable":true,"href":"https:\/\/www.honojudoklubb.se\/index.php?rest_route=%2Fwp%2Fv2%2Fcomments&post=64"}],"version-history":[{"count":11,"href":"https:\/\/www.honojudoklubb.se\/index.php?rest_route=\/wp\/v2\/pages\/64\/revisions"}],"predecessor-version":[{"id":2239,"href":"https:\/\/www.honojudoklubb.se\/index.php?rest_route=\/wp\/v2\/pages\/64\/revisions\/2239"}],"wp:attachment":[{"href":"https:\/\/www.honojudoklubb.se\/index.php?rest_route=%2Fwp%2Fv2%2Fmedia&parent=64"}],"curies":[{"name":"wp","href":"https:\/\/api.w.org\/{rel}","templated":true}]}}