{"id":80,"date":"2013-07-31T21:42:25","date_gmt":"2013-07-31T20:42:25","guid":{"rendered":"http:\/\/www.honojudoklubb.se\/?page_id=80"},"modified":"2026-01-06T23:56:22","modified_gmt":"2026-01-06T22:56:22","slug":"priser","status":"publish","type":"page","link":"https:\/\/www.honojudoklubb.se\/?page_id=80","title":{"rendered":"Priser"},"content":{"rendered":"\n<p>H\u00f6n\u00f6 Judoklubb \u00e4r en ideell f\u00f6rening som fokuserar p\u00e5 att f\u00e5 s\u00e5 m\u00e5nga som m\u00f6jligt att tr\u00e4na till s\u00e5 l\u00e5g kostnad som m\u00f6jligt. Ev \u00f6verskott kommer st\u00f6tta roliga medlemsaktiviteter \ud83d\ude42<\/p>\n\n\n<p>Medlemsavgiften, obligatoriskt f\u00f6r alla medlemmar, per kalender\u00e5r: 150 kr <br \/>Tr\u00e4ningsavgift, per termin: 550 kr<\/p>\n<p>Sammanboende familjer betalar max 1100:- i tr\u00e4ningsavgift per termin<br \/><strong><br \/><\/strong><\/p>\n<p>Betalning g\u00f6rs genom att s\u00e4tta\u00a0in p\u00e5<strong> bankgironummer 174-2055<\/strong>. Var noga med att ange f\u00f6r och efternamn p\u00e5 den som tr\u00e4nar!<\/p>","protected":false},"excerpt":{"rendered":"<p>H\u00f6n\u00f6 Judoklubb \u00e4r en ideell f\u00f6rening som fokuserar p\u00e5 att f\u00e5 s\u00e5 m\u00e5nga som m\u00f6jligt att tr\u00e4na till s\u00e5 l\u00e5g kostnad som m\u00f6jligt. Ev \u00f6verskott kommer st\u00f6tta roliga medlemsaktiviteter \ud83d\ude42 Medlemsavgiften, obligatoriskt f\u00f6r alla medlemmar, per kalender\u00e5r: 150 kr Tr\u00e4ningsavgift, &hellip; <a href=\"https:\/\/www.honojudoklubb.se\/?page_id=80\">L\u00e4s mer <span class=\"meta-nav\">&rarr;<\/span><\/a><\/p>\n","protected":false},"author":1,"featured_media":0,"parent":0,"menu_order":0,"comment_status":"closed","ping_status":"closed","template":"","meta":{"footnotes":""},"class_list":["post-80","page","type-page","status-publish","hentry"],"jetpack_sharing_enabled":false,"_links":{"self":[{"href":"https:\/\/www.honojudoklubb.se\/index.php?rest_route=\/wp\/v2\/pages\/80","targetHints":{"allow":["GET"]}}],"collection":[{"href":"https:\/\/www.honojudoklubb.se\/index.php?rest_route=\/wp\/v2\/pages"}],"about":[{"href":"https:\/\/www.honojudoklubb.se\/index.php?rest_route=\/wp\/v2\/types\/page"}],"author":[{"embeddable":true,"href":"https:\/\/www.honojudoklubb.se\/index.php?rest_route=\/wp\/v2\/users\/1"}],"replies":[{"embeddable":true,"href":"https:\/\/www.honojudoklubb.se\/index.php?rest_route=%2Fwp%2Fv2%2Fcomments&post=80"}],"version-history":[{"count":3,"href":"https:\/\/www.honojudoklubb.se\/index.php?rest_route=\/wp\/v2\/pages\/80\/revisions"}],"predecessor-version":[{"id":2286,"href":"https:\/\/www.honojudoklubb.se\/index.php?rest_route=\/wp\/v2\/pages\/80\/revisions\/2286"}],"wp:attachment":[{"href":"https:\/\/www.honojudoklubb.se\/index.php?rest_route=%2Fwp%2Fv2%2Fmedia&parent=80"}],"curies":[{"name":"wp","href":"https:\/\/api.w.org\/{rel}","templated":true}]}}